{"id":102,"date":"2016-06-05T21:05:35","date_gmt":"2016-06-05T21:05:35","guid":{"rendered":"http:\/\/gs-rindern.de\/\/?page_id=102"},"modified":"2024-06-23T11:47:38","modified_gmt":"2024-06-23T11:47:38","slug":"ferienbetreuung","status":"publish","type":"page","link":"http:\/\/gs-rindern.de\/?page_id=102","title":{"rendered":"Ferienbetreuung"},"content":{"rendered":"<p>Die AWO bietet ebenso eine Ferienbetreuung an.<\/p>\n<p>Die Betreuung findet grunds\u00e4tzlich in der ersten H\u00e4lfte der Oster-, Sommer- und Herbstferien statt sowie an den Br\u00fcckentagen. In den Winterferien findet keine Betreuung statt.<\/p>\n<p>Die Bedarfsabfrage findet \u00fcber den Schulmanager statt.<\/p>\n","protected":false},"excerpt":{"rendered":"<p>Die AWO bietet ebenso eine Ferienbetreuung an. Die Betreuung findet grunds\u00e4tzlich in der ersten H\u00e4lfte der Oster-, Sommer- und Herbstferien statt sowie an den Br\u00fcckentagen. In den Winterferien findet keine Betreuung statt. Die Bedarfsabfrage findet \u00fcber den Schulmanager statt.<\/p>\n","protected":false},"author":4,"featured_media":0,"parent":48,"menu_order":0,"comment_status":"closed","ping_status":"closed","template":"","meta":{"ngg_post_thumbnail":0,"footnotes":""},"_links":{"self":[{"href":"http:\/\/gs-rindern.de\/index.php?rest_route=\/wp\/v2\/pages\/102"}],"collection":[{"href":"http:\/\/gs-rindern.de\/index.php?rest_route=\/wp\/v2\/pages"}],"about":[{"href":"http:\/\/gs-rindern.de\/index.php?rest_route=\/wp\/v2\/types\/page"}],"author":[{"embeddable":true,"href":"http:\/\/gs-rindern.de\/index.php?rest_route=\/wp\/v2\/users\/4"}],"replies":[{"embeddable":true,"href":"http:\/\/gs-rindern.de\/index.php?rest_route=%2Fwp%2Fv2%2Fcomments&post=102"}],"version-history":[{"count":15,"href":"http:\/\/gs-rindern.de\/index.php?rest_route=\/wp\/v2\/pages\/102\/revisions"}],"predecessor-version":[{"id":15006,"href":"http:\/\/gs-rindern.de\/index.php?rest_route=\/wp\/v2\/pages\/102\/revisions\/15006"}],"up":[{"embeddable":true,"href":"http:\/\/gs-rindern.de\/index.php?rest_route=\/wp\/v2\/pages\/48"}],"wp:attachment":[{"href":"http:\/\/gs-rindern.de\/index.php?rest_route=%2Fwp%2Fv2%2Fmedia&parent=102"}],"curies":[{"name":"wp","href":"https:\/\/api.w.org\/{rel}","templated":true}]}}