{"id":46,"date":"2016-06-05T12:03:50","date_gmt":"2016-06-05T12:03:50","guid":{"rendered":"http:\/\/gs-rindern.de\/\/?page_id=46"},"modified":"2025-02-14T20:54:41","modified_gmt":"2025-02-14T20:54:41","slug":"schulleben","status":"publish","type":"page","link":"http:\/\/gs-rindern.de\/?page_id=46","title":{"rendered":"Schulleben"},"content":{"rendered":"<p>Hier erhalten Sie einen Einblick in unser Schulleben.<\/p>\n<p>Neben der Auflistung der aktuellen <a href=\"https:\/\/gs-rindern.de\/?page_id=44\">Klassen<\/a>, <a href=\"https:\/\/gs-rindern.de\/?page_id=88\">AGs<\/a> und allgemeinen <a href=\"https:\/\/gs-rindern.de\/?page_id=15248\">Aktionen<\/a>, zeigen wir Ihnen hier unser ehrenamtliches <a href=\"https:\/\/gs-rindern.de\/?page_id=94\">Schulb\u00fccherei<\/a>-Team und ein paar ausgew\u00e4hlte <a href=\"https:\/\/gs-rindern.de\/?page_id=90\">k\u00fcnstlerische Werke<\/a> unserer Sch\u00fcler*innen.<\/p>\n","protected":false},"excerpt":{"rendered":"<p>Hier erhalten Sie einen Einblick in unser Schulleben. Neben der Auflistung der aktuellen Klassen, AGs und allgemeinen Aktionen, zeigen wir Ihnen hier unser ehrenamtliches Schulb\u00fccherei-Team und ein paar ausgew\u00e4hlte k\u00fcnstlerische Werke unserer Sch\u00fcler*innen.<\/p>\n","protected":false},"author":4,"featured_media":0,"parent":0,"menu_order":0,"comment_status":"closed","ping_status":"closed","template":"","meta":{"ngg_post_thumbnail":0,"footnotes":""},"_links":{"self":[{"href":"http:\/\/gs-rindern.de\/index.php?rest_route=\/wp\/v2\/pages\/46"}],"collection":[{"href":"http:\/\/gs-rindern.de\/index.php?rest_route=\/wp\/v2\/pages"}],"about":[{"href":"http:\/\/gs-rindern.de\/index.php?rest_route=\/wp\/v2\/types\/page"}],"author":[{"embeddable":true,"href":"http:\/\/gs-rindern.de\/index.php?rest_route=\/wp\/v2\/users\/4"}],"replies":[{"embeddable":true,"href":"http:\/\/gs-rindern.de\/index.php?rest_route=%2Fwp%2Fv2%2Fcomments&post=46"}],"version-history":[{"count":8,"href":"http:\/\/gs-rindern.de\/index.php?rest_route=\/wp\/v2\/pages\/46\/revisions"}],"predecessor-version":[{"id":15333,"href":"http:\/\/gs-rindern.de\/index.php?rest_route=\/wp\/v2\/pages\/46\/revisions\/15333"}],"wp:attachment":[{"href":"http:\/\/gs-rindern.de\/index.php?rest_route=%2Fwp%2Fv2%2Fmedia&parent=46"}],"curies":[{"name":"wp","href":"https:\/\/api.w.org\/{rel}","templated":true}]}}