{"id":79,"date":"2016-06-05T12:36:47","date_gmt":"2016-06-05T12:36:47","guid":{"rendered":"http:\/\/gs-rindern.de\/\/?page_id=79"},"modified":"2022-06-01T10:10:00","modified_gmt":"2022-06-01T10:10:00","slug":"mitarbeiter","status":"publish","type":"page","link":"http:\/\/gs-rindern.de\/?page_id=79","title":{"rendered":"MitarbeiterInnen"},"content":{"rendered":"\n<table id=\"tablepress-9\" class=\"tablepress tablepress-id-9\">\n<tbody>\n<tr class=\"row-1\">\n\t<td class=\"column-1\"><div id=\"attachment_888\" style=\"width: 310px\" class=\"wp-caption aligncenter\"><img loading=\"lazy\" decoding=\"async\" aria-describedby=\"caption-attachment-888\" src=\"http:\/\/gs-rindern.de\/wp-content\/uploads\/2023\/10\/P1090147-3-scaled-e1697383154199.jpg\" alt=\"Anita Schoemakers\" width=\"300\" height=\"450\" class=\"size-medium wp-image-888\" \/><p id=\"caption-attachment-888\" class=\"wp-caption-text\"><span style=\"font-size:15px\">Anita Schoemakers<br \/>\nUnsere Sekret\u00e4rin<\/span><\/p><\/div><\/td><td class=\"column-2\"><div id=\"attachment_890\" style=\"width: 310px\" class=\"wp-caption aligncenter\"><img loading=\"lazy\" decoding=\"async\" aria-describedby=\"caption-attachment-890\" src=\"http:\/\/gs-rindern.de\/\/wp-content\/uploads\/2016\/06\/winands_300x450-300x450.jpg\" alt=\"Peter Winands, unser Hausmeister, der gute Geist der Schule\" width=\"300\" height=\"450\" class=\"size-medium wp-image-890\" \/><p id=\"caption-attachment-890\" class=\"wp-caption-text\"><br \/>\n<span style=\"font-size:15px\">Peter Winands<br \/>\nUnser Hausmeister, der gute Geist der Schule<\/span><\/p><\/div><\/td><td class=\"column-3\"><div id=\"attachment_890\" style=\"width: 310px\" class=\"wp-caption aligncenter\"><img loading=\"lazy\" decoding=\"async\" aria-describedby=\"caption-attachment-890\" src=\"http:\/\/gs-rindern.de\/wp-content\/uploads\/2025\/09\/Julian_klein.jpg\" width=\"300\" height=\"450\" class=\"size-medium wp-image-889\" \/><p id=\"caption-attachment-890\" class=\"wp-caption-text\"><br \/>\n<span style=\"font-size:15px\">Julian Theyssen<br \/>\nSchulsozialarbeiter <\/span><\/p><\/div><\/td>\n<\/tr>\n<tr class=\"row-2\">\n\t<td class=\"column-1\"><div id=\"attachment_889\" style=\"width: 310px\" class=\"wp-caption aligncenter\"><img loading=\"lazy\" decoding=\"async\" aria-describedby=\"caption-attachment-889\" src=\"http:\/\/gs-rindern.de\/\/wp-content\/uploads\/2016\/06\/winkels_300x450-300x450.jpg\" alt=\"Christel Winkels, Pastoralreferentin\" width=\"300\" height=\"450\" class=\"size-medium wp-image-889\" \/><p id=\"caption-attachment-889\" class=\"wp-caption-text\"><br \/>\n<span style=\"font-size:15px\">Christel Winkels<br \/>\nPastoralreferentin<\/span><\/p><\/div><\/td><td class=\"column-2\"><div id=\"attachment_889\" style=\"width: 310px\" class=\"wp-caption aligncenter\"><img loading=\"lazy\" decoding=\"async\" aria-describedby=\"caption-attachment-889\" src=\"http:\/\/gs-rindern.de\/wp-content\/uploads\/2025\/05\/Kirsten_300x450.jpg\" alt=\"Kirsten Tahlmann, Pastoralreferentin\" width=\"300\" height=\"450\" class=\"size-medium wp-image-889\" \/><p id=\"caption-attachment-889\" class=\"wp-caption-text\"><br \/>\n<span style=\"font-size:15px\">Kirsten Tahlmann<br \/>\nPastoralreferentin<\/span><\/p><\/div><\/td><td class=\"column-3\"><\/td>\n<\/tr>\n<tr class=\"row-3\">\n\t<td class=\"column-1\"><div id=\"attachment_888\" style=\"width: 310px\" class=\"wp-caption aligncenter\"><img loading=\"lazy\" decoding=\"async\" aria-describedby=\"caption-attachment-888\" src=\"http:\/\/gs-rindern.de\/wp-content\/uploads\/2023\/10\/P1090160-2-scaled-e1697382941615.jpg\" width=\"300\" height=\"450\" class=\"size-medium wp-image-888\" \/><p id=\"caption-attachment-888\" class=\"wp-caption-text\"><br \/>\n<span style=\"font-size:15px\">Elisabeth Liebeton<br \/>\nFachkraft f\u00fcr DaZ <\/span><\/p><\/div><\/td><td class=\"column-2\"><div id=\"attachment_888\" style=\"width: 310px\" class=\"wp-caption aligncenter\"><img loading=\"lazy\" decoding=\"async\" aria-describedby=\"caption-attachment-888\" src=\"http:\/\/gs-rindern.de\/wp-content\/uploads\/2025\/02\/Gudrun-Huetten_338x450.jpg\" width=\"300\" height=\"450\" class=\"size-medium wp-image-888\" \/><p id=\"caption-attachment-888\" class=\"wp-caption-text\"><br \/>\n<span style=\"font-size:15px\">Gudrun H\u00fctten<br \/>\nFachkraft f\u00fcr DaZ <\/span><\/p><\/div><\/td><td class=\"column-3\"><\/td>\n<\/tr>\n<tr class=\"row-4\">\n\t<td colspan=\"3\" class=\"column-1\"><div id=\"attachment_895\" style=\"width: 460px\" class=\"wp-caption aligncenter\"><img loading=\"lazy\" decoding=\"async\" aria-describedby=\"caption-attachment-895\" src=\"http:\/\/gs-rindern.de\/wp-content\/uploads\/2021\/09\/Frau-Hoelscher-und-Frau-Huebers-scaled.jpg\" alt=\"Unser B\u00fccherei-Team: Frau H\u00f6lscher und Frau H\u00fcbers\" width=\"450\" height=\"300\" class=\"size-medium wp-image-895\" \/><p id=\"caption-attachment-895\" class=\"wp-caption-text\"><br \/>\n<span style=\"font-size:15px\">Unser B\u00fccherei-Team<br \/>\nFrau H\u00f6lscher und Frau H\u00fcbers<br \/>\n<\/span><\/p><\/div><\/td>\n<\/tr>\n<tr class=\"row-5\">\n\t<td class=\"column-1\"><\/td><td class=\"column-2\"><\/td><td class=\"column-3\"><\/td>\n<\/tr>\n<\/tbody>\n<\/table>\n<!-- #tablepress-9 from cache -->\n","protected":false},"excerpt":{"rendered":"","protected":false},"author":4,"featured_media":0,"parent":56,"menu_order":0,"comment_status":"closed","ping_status":"closed","template":"","meta":{"ngg_post_thumbnail":0,"footnotes":""},"_links":{"self":[{"href":"http:\/\/gs-rindern.de\/index.php?rest_route=\/wp\/v2\/pages\/79"}],"collection":[{"href":"http:\/\/gs-rindern.de\/index.php?rest_route=\/wp\/v2\/pages"}],"about":[{"href":"http:\/\/gs-rindern.de\/index.php?rest_route=\/wp\/v2\/types\/page"}],"author":[{"embeddable":true,"href":"http:\/\/gs-rindern.de\/index.php?rest_route=\/wp\/v2\/users\/4"}],"replies":[{"embeddable":true,"href":"http:\/\/gs-rindern.de\/index.php?rest_route=%2Fwp%2Fv2%2Fcomments&post=79"}],"version-history":[{"count":3,"href":"http:\/\/gs-rindern.de\/index.php?rest_route=\/wp\/v2\/pages\/79\/revisions"}],"predecessor-version":[{"id":13557,"href":"http:\/\/gs-rindern.de\/index.php?rest_route=\/wp\/v2\/pages\/79\/revisions\/13557"}],"up":[{"embeddable":true,"href":"http:\/\/gs-rindern.de\/index.php?rest_route=\/wp\/v2\/pages\/56"}],"wp:attachment":[{"href":"http:\/\/gs-rindern.de\/index.php?rest_route=%2Fwp%2Fv2%2Fmedia&parent=79"}],"curies":[{"name":"wp","href":"https:\/\/api.w.org\/{rel}","templated":true}]}}