{"id":96,"date":"2016-06-05T21:04:41","date_gmt":"2016-06-05T21:04:41","guid":{"rendered":"http:\/\/gs-rindern.de\/\/?page_id=96"},"modified":"2024-06-23T11:47:03","modified_gmt":"2024-06-23T11:47:03","slug":"schule-von-8-1","status":"publish","type":"page","link":"http:\/\/gs-rindern.de\/?page_id=96","title":{"rendered":"VHT"},"content":{"rendered":"<p>An jedem Werktag, an dem an der Johanna-Sebus-Grundschule in Rindern Schulunterricht stattfindet, gew\u00e4hrleistet die AWO als Tr\u00e4ger des verl\u00e4sslichen Halbtags die Betreuung der angemeldeten Kinder in der unterrichtsfreien Zeit. Die Betreuung findet auch bei Lehrerausflug oder Lehrerfortbildung statt.<\/p>\n<p>Unser Konzept der Betreuung ber\u00fccksichtigt, dass die p\u00e4dagogische Arbeit der Gruppenbetreuung in ihren Zielen und ihrem Aufbau nicht unmittelbar mit dem Schulunterricht zu vergleichen ist. Nach dem Unterricht ben\u00f6tigen Kinder im Grundschulalter auch Gelegenheit zu Ruhe und Entspannung.<\/p>\n<p>Spiel und Freiwilligkeit ohne Leistungsdruck sind somit die p\u00e4dagogischen Leitprinzipien. Freispiel (gerne drau\u00dfen) und Aktivit\u00e4ten werden situations- und themenbezogen von dem Betreuungsteam geplant und gestaltet.<\/p>\n<p>Die Vormittagsbetreuung kostet zurzeit 40 Euro pro Monat. Betreuungsvertr\u00e4ge sind in der Betreuung erh\u00e4ltlich.<\/p>\n","protected":false},"excerpt":{"rendered":"<p>An jedem Werktag, an dem an der Johanna-Sebus-Grundschule in Rindern Schulunterricht stattfindet, gew\u00e4hrleistet die AWO als Tr\u00e4ger des verl\u00e4sslichen Halbtags die Betreuung der angemeldeten Kinder in der unterrichtsfreien Zeit. Die Betreuung findet auch bei Lehrerausflug oder Lehrerfortbildung statt. Unser Konzept der Betreuung ber\u00fccksichtigt, dass die p\u00e4dagogische Arbeit der Gruppenbetreuung in ihren Zielen und ihrem Aufbau [&hellip;]<\/p>\n","protected":false},"author":4,"featured_media":0,"parent":48,"menu_order":0,"comment_status":"closed","ping_status":"closed","template":"","meta":{"ngg_post_thumbnail":0,"footnotes":""},"_links":{"self":[{"href":"http:\/\/gs-rindern.de\/index.php?rest_route=\/wp\/v2\/pages\/96"}],"collection":[{"href":"http:\/\/gs-rindern.de\/index.php?rest_route=\/wp\/v2\/pages"}],"about":[{"href":"http:\/\/gs-rindern.de\/index.php?rest_route=\/wp\/v2\/types\/page"}],"author":[{"embeddable":true,"href":"http:\/\/gs-rindern.de\/index.php?rest_route=\/wp\/v2\/users\/4"}],"replies":[{"embeddable":true,"href":"http:\/\/gs-rindern.de\/index.php?rest_route=%2Fwp%2Fv2%2Fcomments&post=96"}],"version-history":[{"count":7,"href":"http:\/\/gs-rindern.de\/index.php?rest_route=\/wp\/v2\/pages\/96\/revisions"}],"predecessor-version":[{"id":15005,"href":"http:\/\/gs-rindern.de\/index.php?rest_route=\/wp\/v2\/pages\/96\/revisions\/15005"}],"up":[{"embeddable":true,"href":"http:\/\/gs-rindern.de\/index.php?rest_route=\/wp\/v2\/pages\/48"}],"wp:attachment":[{"href":"http:\/\/gs-rindern.de\/index.php?rest_route=%2Fwp%2Fv2%2Fmedia&parent=96"}],"curies":[{"name":"wp","href":"https:\/\/api.w.org\/{rel}","templated":true}]}}