{"id":11060,"date":"2020-03-09T19:16:58","date_gmt":"2020-03-09T19:16:58","guid":{"rendered":"http:\/\/gs-rindern.de\/?page_id=11060"},"modified":"2025-09-20T09:19:42","modified_gmt":"2025-09-20T09:19:42","slug":"formulare","status":"publish","type":"page","link":"https:\/\/gs-rindern.de\/?page_id=11060","title":{"rendered":"Formulare"},"content":{"rendered":"\n<p>Hier finden Sie Formularvorlagen f\u00fcr verschiedene Anl\u00e4sse. <br>Sie brauchen diese nur noch mit Ihren pers\u00f6nliche Daten und Anliegen zu erg\u00e4nzen und bei den Klassenlehrerinnen oder der Schulleiterin abzugeben.<br>Sie werden dann zeitnah eine R\u00fcckmeldung erhalten.<\/p>\n\n\n\n<p><strong>Bitte beachten Sie: Eine schriftliche Entschuldigung der Eltern ben\u00f6tigen wir nur, wenn Ihr Kind mehr als 3 Tage gefehlt hat.<br>Einen Antrag auf Beurlaubung geben Sie bitte so fr\u00fch wie m\u00f6glich -mindestens 4 Wochen vorher-  im Sekretariat ab.<\/strong><\/p>\n\n\n\n<div class=\"wp-block-file\"><a id=\"wp-block-file--media-7f61b8d5-0a0e-47bc-8701-b1d0a7e90c88\" href=\"http:\/\/gs-rindern.de\/wp-content\/uploads\/2022\/06\/Anmeldevordruck-Schulwechsel-NEU.pdf\">Anmeldung bei Schulwechsel<\/a><a href=\"http:\/\/gs-rindern.de\/wp-content\/uploads\/2022\/06\/Anmeldevordruck-Schulwechsel-NEU.pdf\" class=\"wp-block-file__button wp-element-button\" download aria-describedby=\"wp-block-file--media-7f61b8d5-0a0e-47bc-8701-b1d0a7e90c88\">Herunterladen<\/a><\/div>\n\n\n\n<div class=\"wp-block-file\"><a id=\"wp-block-file--media-2241f220-5b0f-40b0-8225-b6fc1ec77283\" href=\"http:\/\/gs-rindern.de\/wp-content\/uploads\/2024\/03\/antrag_auf_beurlaubung.pdf\">Antrag_auf_beurlaubung<\/a><a href=\"http:\/\/gs-rindern.de\/wp-content\/uploads\/2024\/03\/antrag_auf_beurlaubung.pdf\" class=\"wp-block-file__button wp-element-button\" download aria-describedby=\"wp-block-file--media-2241f220-5b0f-40b0-8225-b6fc1ec77283\">Herunterladen<\/a><\/div>\n\n\n\n<div class=\"wp-block-file\"><a id=\"wp-block-file--media-0cc06cd5-1145-4181-97f0-25d34264de30\" href=\"https:\/\/gs-rindern.de\/wp-content\/uploads\/2025\/09\/Antrag-auf-Befreiung-Betreuung.pdf\">Antrag auf Beurlaubung Betreuung<\/a><a href=\"https:\/\/gs-rindern.de\/wp-content\/uploads\/2025\/09\/Antrag-auf-Befreiung-Betreuung.pdf\" class=\"wp-block-file__button wp-element-button\" download aria-describedby=\"wp-block-file--media-0cc06cd5-1145-4181-97f0-25d34264de30\">Herunterladen<\/a><\/div>\n\n\n\n<div class=\"wp-block-file\"><a id=\"wp-block-file--media-c02a5c2c-2b1b-44e7-be72-dc1af8807ac0\" href=\"http:\/\/gs-rindern.de\/wp-content\/uploads\/2024\/03\/antrag_auf_rueckversetzung_3.pdf\">Antrag_auf_rueckversetzung_3<\/a><a href=\"http:\/\/gs-rindern.de\/wp-content\/uploads\/2024\/03\/antrag_auf_rueckversetzung_3.pdf\" class=\"wp-block-file__button wp-element-button\" download aria-describedby=\"wp-block-file--media-c02a5c2c-2b1b-44e7-be72-dc1af8807ac0\">Herunterladen<\/a><\/div>\n\n\n\n<div class=\"wp-block-file\"><a id=\"wp-block-file--media-6e8a71b6-9bb6-4516-a5e5-11700b4fa038\" href=\"http:\/\/gs-rindern.de\/wp-content\/uploads\/2024\/03\/antrag_auf_verbleib_in_schuleingangsphase-3.pdf\">Antrag_auf_verbleib_in_schuleingangsphase 3<\/a><a href=\"http:\/\/gs-rindern.de\/wp-content\/uploads\/2024\/03\/antrag_auf_verbleib_in_schuleingangsphase-3.pdf\" class=\"wp-block-file__button wp-element-button\" download aria-describedby=\"wp-block-file--media-6e8a71b6-9bb6-4516-a5e5-11700b4fa038\">Herunterladen<\/a><\/div>\n\n\n\n<div class=\"wp-block-file\"><a href=\"http:\/\/gs-rindern.de\/wp-content\/uploads\/2020\/03\/schriftliche_Entschuldigung.docx\">Schriftliche_Entschuldigung<\/a><a href=\"http:\/\/gs-rindern.de\/wp-content\/uploads\/2024\/03\/schriftliche_entschuldigung-3.pdf\" class=\"wp-block-file__button\" download=\"\">Herunterladen<\/a>&nbsp;<\/div>\n\n\n\n<div class=\"wp-block-file\"><a id=\"wp-block-file--media-d4677452-41f9-4bba-b514-59e65024662a\" href=\"https:\/\/gs-rindern.de\/wp-content\/uploads\/2024\/12\/DT-Schule-Anspruch-2025.pdf\">Antrag Deutschlandticket Schule ab 01 25<\/a><a href=\"https:\/\/gs-rindern.de\/wp-content\/uploads\/2024\/12\/DT-Schule-Anspruch-2025.pdf\" class=\"wp-block-file__button wp-element-button\" download aria-describedby=\"wp-block-file--media-d4677452-41f9-4bba-b514-59e65024662a\">Herunterladen<\/a><\/div>\n\n\n\n<p>Bitte geben Sie den Antrag schnellstm\u00f6glich nach Erhalt der Aufnahmebest\u00e4tigung an der Schule ab. Er wird von uns dann an die Stadt weitergeleitet.<\/p>\n\n\n\n<div class=\"wp-block-file\"><a id=\"wp-block-file--media-d5ce2d6d-702e-49ee-adbc-24345c069a47\" href=\"https:\/\/gs-rindern.de\/wp-content\/uploads\/2025\/09\/3-Classroommanagement-1.pdf\">Classroommanagement<\/a><a href=\"https:\/\/gs-rindern.de\/wp-content\/uploads\/2025\/09\/3-Classroommanagement-1.pdf\" class=\"wp-block-file__button wp-element-button\" download aria-describedby=\"wp-block-file--media-d5ce2d6d-702e-49ee-adbc-24345c069a47\">Herunterladen<\/a><\/div>\n\n\n\n<div class=\"wp-block-file\"><a id=\"wp-block-file--media-934efb67-7ad4-49f5-821f-9efb90c27cc5\" href=\"http:\/\/gs-rindern.de\/wp-content\/uploads\/2022\/10\/Datenschutz.pdf\">Datenschutz<\/a><a href=\"http:\/\/gs-rindern.de\/wp-content\/uploads\/2022\/10\/Datenschutz.pdf\" class=\"wp-block-file__button\" download=\"\" aria-describedby=\"wp-block-file--media-934efb67-7ad4-49f5-821f-9efb90c27cc5\">Herunterladen<\/a><\/div>\n\n\n\n<p>Bitte achten Sie darauf, dass einige Formulare vorder- und r\u00fcckseitig auszuf\u00fcllen sind und reichen Sie die ausgef\u00fcllten Formulare z.H. von Frau Werdelmann bei uns ein.<\/p>\n\n\n\n<p>Bitte beachten Sie auch, dass sowohl die OGS- als auch die VHT-Pl\u00e4tze begrenzt sind. \u00dcber die Aufnahme oder Nicht-Aufnahme werden Sie so zeitnah wie m\u00f6glich informiert.<\/p>\n\n\n\n<div class=\"wp-block-file\"><a id=\"wp-block-file--media-bcb43fb6-4735-4521-84ed-de14e7791ac1\" href=\"http:\/\/gs-rindern.de\/wp-content\/uploads\/2024\/06\/VHT-Betreuungsvertrag-neu-Stand-vom-11.04.2024_Formulare.pdf\">Antrag auf Betreuung von 08.00-13.15 Uhr (VHT)<\/a><a href=\"http:\/\/gs-rindern.de\/wp-content\/uploads\/2024\/06\/VHT-Betreuungsvertrag-neu-Stand-vom-11.04.2024_Formulare.pdf\" class=\"wp-block-file__button wp-element-button\" download aria-describedby=\"wp-block-file--media-bcb43fb6-4735-4521-84ed-de14e7791ac1\">Herunterladen<\/a><\/div>\n\n\n\n<div class=\"wp-block-file\"><a id=\"wp-block-file--media-7cc2d4af-abcf-4bf6-8b24-b833aef2d4af\" href=\"http:\/\/gs-rindern.de\/wp-content\/uploads\/2023\/09\/2022-12-30-Betreuungsvertrag.pdf\">Antrag auf Betreuung bis 16.00 Uhr (OGS)<\/a><a href=\"http:\/\/gs-rindern.de\/wp-content\/uploads\/2023\/09\/2022-12-30-Betreuungsvertrag.pdf\" class=\"wp-block-file__button wp-element-button\" download aria-describedby=\"wp-block-file--media-7cc2d4af-abcf-4bf6-8b24-b833aef2d4af\">Herunterladen<\/a><\/div>\n","protected":false},"excerpt":{"rendered":"<p>Hier finden Sie Formularvorlagen f\u00fcr verschiedene Anl\u00e4sse. Sie brauchen diese nur noch mit Ihren pers\u00f6nliche Daten und Anliegen zu erg\u00e4nzen und bei den Klassenlehrerinnen oder der Schulleiterin abzugeben.Sie werden dann zeitnah eine R\u00fcckmeldung erhalten. Bitte beachten Sie: Eine schriftliche Entschuldigung der Eltern ben\u00f6tigen wir nur, wenn Ihr Kind mehr als 3 Tage gefehlt hat.Einen Antrag [&hellip;]<\/p>\n","protected":false},"author":4,"featured_media":0,"parent":0,"menu_order":0,"comment_status":"closed","ping_status":"closed","template":"","meta":{"ngg_post_thumbnail":0,"footnotes":""},"_links":{"self":[{"href":"https:\/\/gs-rindern.de\/index.php?rest_route=\/wp\/v2\/pages\/11060"}],"collection":[{"href":"https:\/\/gs-rindern.de\/index.php?rest_route=\/wp\/v2\/pages"}],"about":[{"href":"https:\/\/gs-rindern.de\/index.php?rest_route=\/wp\/v2\/types\/page"}],"author":[{"embeddable":true,"href":"https:\/\/gs-rindern.de\/index.php?rest_route=\/wp\/v2\/users\/4"}],"replies":[{"embeddable":true,"href":"https:\/\/gs-rindern.de\/index.php?rest_route=%2Fwp%2Fv2%2Fcomments&post=11060"}],"version-history":[{"count":63,"href":"https:\/\/gs-rindern.de\/index.php?rest_route=\/wp\/v2\/pages\/11060\/revisions"}],"predecessor-version":[{"id":15545,"href":"https:\/\/gs-rindern.de\/index.php?rest_route=\/wp\/v2\/pages\/11060\/revisions\/15545"}],"wp:attachment":[{"href":"https:\/\/gs-rindern.de\/index.php?rest_route=%2Fwp%2Fv2%2Fmedia&parent=11060"}],"curies":[{"name":"wp","href":"https:\/\/api.w.org\/{rel}","templated":true}]}}