{"id":15248,"date":"2025-01-10T12:25:39","date_gmt":"2025-01-10T12:25:39","guid":{"rendered":"https:\/\/gs-rindern.de\/?page_id=15248"},"modified":"2025-02-14T20:56:05","modified_gmt":"2025-02-14T20:56:05","slug":"aktionen","status":"publish","type":"page","link":"https:\/\/gs-rindern.de\/?page_id=15248","title":{"rendered":"Aktionen"},"content":{"rendered":"\n<p>An unserer Schule findet ein reichhaltiges Schulleben statt.<\/p>\n\n\n\n<ul>\n<li>wir feiern Feste (z.B. Schulfeste, Weihnachtsfeiern, Karnevalsfeiern)<\/li>\n\n\n\n<li>wir nehmen an Sportwettk\u00e4mpfen teil (z.B. Fu\u00dfballtunier, Bundesjugendspiele)<\/li>\n\n\n\n<li>wir tun etwas f\u00fcr die Umwelt (z.B. M\u00fcllsammelaktion im Fr\u00fchjahr, Baumpflanzaktion)<\/li>\n\n\n\n<li>wir besuchen Theater, Museen, Konzerte und andere Lernorte<\/li>\n\n\n\n<li>wir tun etwas f\u00fcr andere Menschen (z.B. f\u00fcr die Hilfsprojekte &#8222;pro dogbo&#8220; in Afrika oder die Klever Tafel)<\/li>\n\n\n\n<li>wir tun etwas f\u00fcr uns (z.B. Projekt &#8222;gewaltfrei lernen&#8220;)<\/li>\n<\/ul>\n\n\n\n<p>Wir haben mehrere <a href=\"https:\/\/gs-rindern.de\/?page_id=88\">AGs<\/a>, an denen Kinder teilnehmen k\u00f6nnen.<\/p>\n","protected":false},"excerpt":{"rendered":"<p>An unserer Schule findet ein reichhaltiges Schulleben statt. Wir haben mehrere AGs, an denen Kinder teilnehmen k\u00f6nnen.<\/p>\n","protected":false},"author":4,"featured_media":0,"parent":0,"menu_order":0,"comment_status":"closed","ping_status":"closed","template":"","meta":{"ngg_post_thumbnail":0,"footnotes":""},"_links":{"self":[{"href":"https:\/\/gs-rindern.de\/index.php?rest_route=\/wp\/v2\/pages\/15248"}],"collection":[{"href":"https:\/\/gs-rindern.de\/index.php?rest_route=\/wp\/v2\/pages"}],"about":[{"href":"https:\/\/gs-rindern.de\/index.php?rest_route=\/wp\/v2\/types\/page"}],"author":[{"embeddable":true,"href":"https:\/\/gs-rindern.de\/index.php?rest_route=\/wp\/v2\/users\/4"}],"replies":[{"embeddable":true,"href":"https:\/\/gs-rindern.de\/index.php?rest_route=%2Fwp%2Fv2%2Fcomments&post=15248"}],"version-history":[{"count":3,"href":"https:\/\/gs-rindern.de\/index.php?rest_route=\/wp\/v2\/pages\/15248\/revisions"}],"predecessor-version":[{"id":15334,"href":"https:\/\/gs-rindern.de\/index.php?rest_route=\/wp\/v2\/pages\/15248\/revisions\/15334"}],"wp:attachment":[{"href":"https:\/\/gs-rindern.de\/index.php?rest_route=%2Fwp%2Fv2%2Fmedia&parent=15248"}],"curies":[{"name":"wp","href":"https:\/\/api.w.org\/{rel}","templated":true}]}}