{"id":15252,"date":"2025-01-10T12:28:35","date_gmt":"2025-01-10T12:28:35","guid":{"rendered":"https:\/\/gs-rindern.de\/?page_id=15252"},"modified":"2025-02-14T20:58:02","modified_gmt":"2025-02-14T20:58:02","slug":"betreuung-2","status":"publish","type":"page","link":"https:\/\/gs-rindern.de\/?page_id=15252","title":{"rendered":"Betreuung"},"content":{"rendered":"\n<p>Hier finden Sie alle Informationen rund um unsere Betreuung.<\/p>\n\n\n\n<p>Sie k\u00f6nnen sich unter anderem \u00fcber die <a href=\"https:\/\/gs-rindern.de\/?page_id=48\">Organisation und Regeln <\/a>informieren, etwas zur <a href=\"https:\/\/gs-rindern.de\/?page_id=96\">VHT <\/a>oder <a href=\"https:\/\/gs-rindern.de\/?page_id=98\">OGS <\/a>nachlesen und Sie finden Informationen \u00fcber unsere <a href=\"https:\/\/gs-rindern.de\/?page_id=102\">Ferienbetreuung<\/a>. Au\u00dferdem ist hier das <a href=\"https:\/\/gs-rindern.de\/?page_id=15218\">Naturkonzept <\/a>hinterlegt.<br>Die <a href=\"https:\/\/gs-rindern.de\/?page_id=989\">Ansprechpartnerinnen <\/a>stehen Ihnen f\u00fcr weitere Fragen zur Verf\u00fcgung.<\/p>\n","protected":false},"excerpt":{"rendered":"<p>Hier finden Sie alle Informationen rund um unsere Betreuung. Sie k\u00f6nnen sich unter anderem \u00fcber die Organisation und Regeln informieren, etwas zur VHT oder OGS nachlesen und Sie finden Informationen \u00fcber unsere Ferienbetreuung. Au\u00dferdem ist hier das Naturkonzept hinterlegt.Die Ansprechpartnerinnen stehen Ihnen f\u00fcr weitere Fragen zur Verf\u00fcgung.<\/p>\n","protected":false},"author":4,"featured_media":0,"parent":0,"menu_order":0,"comment_status":"closed","ping_status":"closed","template":"","meta":{"ngg_post_thumbnail":0,"footnotes":""},"_links":{"self":[{"href":"https:\/\/gs-rindern.de\/index.php?rest_route=\/wp\/v2\/pages\/15252"}],"collection":[{"href":"https:\/\/gs-rindern.de\/index.php?rest_route=\/wp\/v2\/pages"}],"about":[{"href":"https:\/\/gs-rindern.de\/index.php?rest_route=\/wp\/v2\/types\/page"}],"author":[{"embeddable":true,"href":"https:\/\/gs-rindern.de\/index.php?rest_route=\/wp\/v2\/users\/4"}],"replies":[{"embeddable":true,"href":"https:\/\/gs-rindern.de\/index.php?rest_route=%2Fwp%2Fv2%2Fcomments&post=15252"}],"version-history":[{"count":5,"href":"https:\/\/gs-rindern.de\/index.php?rest_route=\/wp\/v2\/pages\/15252\/revisions"}],"predecessor-version":[{"id":15336,"href":"https:\/\/gs-rindern.de\/index.php?rest_route=\/wp\/v2\/pages\/15252\/revisions\/15336"}],"wp:attachment":[{"href":"https:\/\/gs-rindern.de\/index.php?rest_route=%2Fwp%2Fv2%2Fmedia&parent=15252"}],"curies":[{"name":"wp","href":"https:\/\/api.w.org\/{rel}","templated":true}]}}