{"id":2,"date":"2016-05-30T12:18:20","date_gmt":"2016-05-30T12:18:20","guid":{"rendered":"http:\/?page_id=2"},"modified":"2024-08-29T12:13:08","modified_gmt":"2024-08-29T12:13:08","slug":"sample-page","status":"publish","type":"page","link":"https:\/\/gs-rindern.de\/","title":{"rendered":"Startseite"},"content":{"rendered":"<h1 style=\"text-align: center;\"><strong>Herzlich willkommen&nbsp;auf der&nbsp;Internet-Seite der<\/strong><\/h1>\n<p align=\"center\"><span style=\"font-size: medium;\"><img loading=\"lazy\" decoding=\"async\" class=\"aligncenter wp-image-120 size-full\" src=\"http:\/\/gs-rindern.de\/\/wp-content\/uploads\/2016\/06\/namenszug_transparent.png\" alt=\"namenszug_transparent\" width=\"681\" height=\"67\" srcset=\"https:\/\/gs-rindern.de\/wp-content\/uploads\/2016\/06\/namenszug_transparent.png 681w, https:\/\/gs-rindern.de\/wp-content\/uploads\/2016\/06\/namenszug_transparent-300x30.png 300w\" sizes=\"(max-width: 681px) 100vw, 681px\" \/> <\/span><\/p>\n<p align=\"center\"><span style=\"font-size: medium;\"><br \/>\n<\/span><br \/>\nWir sind eine kleine Schule in l\u00e4ndlicher Umgebung und pflegen ein soziales und unterst\u00fctzendes Miteinander.<br \/>\nDas Lernen und die individuelle Entwicklung der Kinder f\u00f6rdern wir durch ein breit gef\u00e4chertes Angebot. Dar\u00fcber hinaus liegt uns das Bewusstsein f\u00fcr Natur und Umwelt am Herzen.<\/p>\n<p align=\"center\"><span style=\"font-size: medium;\"><br \/>\nUns ist wichtig, jedes unserer Kinder zu einer optimalen Leistung zu f\u00fchren.<br \/>\n<\/span><\/p>\n<p align=\"center\"><span style=\"font-size: medium;\"><span style=\"font-size: medium;\">Unter &#8222;<a href=\"\/?cat=7\">Aktuelles<\/a>&#8220; finden Sie stets Neuigkeiten aus dem Schulleben. <\/span><\/span><\/p>\n<p align=\"center\"><span style=\"font-size: medium;\"><span style=\"font-size: medium;\"><br \/>\n<\/span><\/span><span style=\"font-size: medium;\"><span style=\"font-size: medium;\">Zu unserer Lernplattform Logineo LMS geht es <a href=\"https:\/\/108972.logineonrw-lms.de\/\">hier<\/a> lang.<\/span><\/span><\/p>\n<p style=\"text-align: center;\"><span style=\"font-size: medium;\"><br \/>\nBesuchen Sie auch die <a href=\"\/?page_id=70\">Seite unseres F\u00f6rdervereins<\/a> und werden Sie dort gerne Mitglied.<\/span><\/p>\n<p align=\"left\">&nbsp;&nbsp;&nbsp;&nbsp;&nbsp;&nbsp;&nbsp;&nbsp;&nbsp;&nbsp;&nbsp; <a href=\"http:\/\/gs-rindern.de\/wp-content\/uploads\/2016\/05\/Schulevorne.jpg\"><img loading=\"lazy\" decoding=\"async\" class=\"wp-image-2092 size-thumbnail aligncenter\" src=\"http:\/\/gs-rindern.de\/wp-content\/uploads\/2016\/05\/Schulevorne-400x300.jpg\" alt=\"Schulevorne\" width=\"400\" height=\"300\"><\/a><a href=\"http:\/\/gs-rindern.de\/wp-content\/uploads\/2016\/05\/Schule16.17.jpg\"><br \/>\n<\/a><a href=\"http:\/\/gs-rindern.de\/\/wp-content\/uploads\/2016\/05\/schule-start.jpg\"><br \/>\n<\/a><\/p>\n","protected":false},"excerpt":{"rendered":"<p>Herzlich willkommen&nbsp;auf der&nbsp;Internet-Seite der Wir sind eine kleine Schule in l\u00e4ndlicher Umgebung und pflegen ein soziales und unterst\u00fctzendes Miteinander. Das Lernen und die individuelle Entwicklung der Kinder f\u00f6rdern wir durch ein breit gef\u00e4chertes Angebot. Dar\u00fcber hinaus liegt uns das Bewusstsein f\u00fcr Natur und Umwelt am Herzen. Uns ist wichtig, jedes unserer Kinder zu einer optimalen [&hellip;]<\/p>\n","protected":false},"author":4,"featured_media":0,"parent":0,"menu_order":0,"comment_status":"closed","ping_status":"open","template":"","meta":{"ngg_post_thumbnail":0,"footnotes":""},"_links":{"self":[{"href":"https:\/\/gs-rindern.de\/index.php?rest_route=\/wp\/v2\/pages\/2"}],"collection":[{"href":"https:\/\/gs-rindern.de\/index.php?rest_route=\/wp\/v2\/pages"}],"about":[{"href":"https:\/\/gs-rindern.de\/index.php?rest_route=\/wp\/v2\/types\/page"}],"author":[{"embeddable":true,"href":"https:\/\/gs-rindern.de\/index.php?rest_route=\/wp\/v2\/users\/4"}],"replies":[{"embeddable":true,"href":"https:\/\/gs-rindern.de\/index.php?rest_route=%2Fwp%2Fv2%2Fcomments&post=2"}],"version-history":[{"count":27,"href":"https:\/\/gs-rindern.de\/index.php?rest_route=\/wp\/v2\/pages\/2\/revisions"}],"predecessor-version":[{"id":15053,"href":"https:\/\/gs-rindern.de\/index.php?rest_route=\/wp\/v2\/pages\/2\/revisions\/15053"}],"wp:attachment":[{"href":"https:\/\/gs-rindern.de\/index.php?rest_route=%2Fwp%2Fv2%2Fmedia&parent=2"}],"curies":[{"name":"wp","href":"https:\/\/api.w.org\/{rel}","templated":true}]}}