{"id":241,"date":"2016-06-08T19:00:24","date_gmt":"2016-06-08T19:00:24","guid":{"rendered":"http:\/\/gs-rindern.de\/\/?page_id=241"},"modified":"2021-02-17T10:36:02","modified_gmt":"2021-02-17T10:36:02","slug":"impressum","status":"publish","type":"page","link":"https:\/\/gs-rindern.de\/?page_id=241","title":{"rendered":"Impressum"},"content":{"rendered":"<p>Johanna-Sebus-Schule<br \/>\nKatholische Grundschule<br \/>\nHohe Str. 116<br \/>\n47533 Kleve-Rindern<\/p>\n<p><br class=\"\u201cclear\u201c\" \/>Schulleitung:<br \/>\nBritta Peters<br \/>\nTel: 02821\/3512<br \/>\nFax: 02821\/971374<br \/>\n<br class=\"\u201cclear\u201c\" \/><\/p>\n<p>E-Mail: <a href=\"mailto:sebus.gs.rindern@kleve.de\">sebus.gs.rindern@kleve.de<\/a><\/p>\n<p><br class=\"\u201cclear\u201c\" \/>Schultr\u00e4ger (Diensteanbieter im Sinne des RStV\/TMG):<br \/>\nStadt Kleve<br \/>\nvertreten durch:<br \/>\nB\u00fcrgermeister der Stadt Kleve<br \/>\nB\u00fcro des B\u00fcrgermeisters<br \/>\nMinoritenplatz 1<br \/>\n47533 Kleve<\/p>\n<p>Telefon: 02821\/84 &#8211; 205<br \/>\nTelefax: 02821\/84 &#8211; 511<br \/>\nE-Mail: stadt-kleve@kleve.de<\/p>\n<p>Untere Schlaufsichtsbeh\u00f6rde Kreis Kleve<br \/>\nDatenschutzbeauftragter an Schulen f\u00fcr den Kreis Kleve<br \/>\nNassauer Allee 15-23<br \/>\n47533 Kleve<\/p>\n","protected":false},"excerpt":{"rendered":"<p>Johanna-Sebus-Schule Katholische Grundschule Hohe Str. 116 47533 Kleve-Rindern Schulleitung: Britta Peters Tel: 02821\/3512 Fax: 02821\/971374 E-Mail: sebus.gs.rindern@kleve.de Schultr\u00e4ger (Diensteanbieter im Sinne des RStV\/TMG): Stadt Kleve vertreten durch: B\u00fcrgermeister der Stadt Kleve B\u00fcro des B\u00fcrgermeisters Minoritenplatz 1 47533 Kleve Telefon: 02821\/84 &#8211; 205 Telefax: 02821\/84 &#8211; 511 E-Mail: stadt-kleve@kleve.de Untere Schlaufsichtsbeh\u00f6rde Kreis Kleve Datenschutzbeauftragter an Schulen [&hellip;]<\/p>\n","protected":false},"author":4,"featured_media":0,"parent":0,"menu_order":0,"comment_status":"closed","ping_status":"closed","template":"","meta":{"ngg_post_thumbnail":0,"footnotes":""},"_links":{"self":[{"href":"https:\/\/gs-rindern.de\/index.php?rest_route=\/wp\/v2\/pages\/241"}],"collection":[{"href":"https:\/\/gs-rindern.de\/index.php?rest_route=\/wp\/v2\/pages"}],"about":[{"href":"https:\/\/gs-rindern.de\/index.php?rest_route=\/wp\/v2\/types\/page"}],"author":[{"embeddable":true,"href":"https:\/\/gs-rindern.de\/index.php?rest_route=\/wp\/v2\/users\/4"}],"replies":[{"embeddable":true,"href":"https:\/\/gs-rindern.de\/index.php?rest_route=%2Fwp%2Fv2%2Fcomments&post=241"}],"version-history":[{"count":15,"href":"https:\/\/gs-rindern.de\/index.php?rest_route=\/wp\/v2\/pages\/241\/revisions"}],"predecessor-version":[{"id":12235,"href":"https:\/\/gs-rindern.de\/index.php?rest_route=\/wp\/v2\/pages\/241\/revisions\/12235"}],"wp:attachment":[{"href":"https:\/\/gs-rindern.de\/index.php?rest_route=%2Fwp%2Fv2%2Fmedia&parent=241"}],"curies":[{"name":"wp","href":"https:\/\/api.w.org\/{rel}","templated":true}]}}