{"id":58,"date":"2016-06-05T12:27:00","date_gmt":"2016-06-05T12:27:00","guid":{"rendered":"http:\/\/gs-rindern.de\/\/?page_id=58"},"modified":"2025-02-14T20:35:42","modified_gmt":"2025-02-14T20:35:42","slug":"fakten","status":"publish","type":"page","link":"https:\/\/gs-rindern.de\/?page_id=58","title":{"rendered":"Fakten"},"content":{"rendered":"<p><a href=\"http:\/\/gs-rindern.de\/\/wp-content\/uploads\/2016\/06\/schule-seite.jpg\"><img loading=\"lazy\" decoding=\"async\" class=\"alignleft wp-image-528\" src=\"http:\/\/gs-rindern.de\/\/wp-content\/uploads\/2016\/06\/schule-seite.jpg\" alt=\"schule seite\" width=\"400\" height=\"300\"><\/a><\/p>\n<p>&nbsp;<\/p>\n<p>Unter diesem Reiter finden Sie alle Fakten, die unsere Schule betreffen.<br \/>\nLesen Sie hier zum Beispiel etwas \u00fcber unser <a href=\"https:\/\/gs-rindern.de\/?page_id=62\">Schulportrait<\/a> nach oder \u00fcber all das, <a href=\"https:\/\/gs-rindern.de\/?page_id=64\">wonach wir an unserer Schule arbeiten<\/a>. Au\u00dferdem haben wir alle wichtigen Informationen rund um unseren unterst\u00fctzenden <a href=\"https:\/\/gs-rindern.de\/?page_id=70\">F\u00f6rderverein<\/a> f\u00fcr Sie zusammengefasst.<\/p>\n<p>&nbsp;<\/p>\n","protected":false},"excerpt":{"rendered":"<p>&nbsp; Unter diesem Reiter finden Sie alle Fakten, die unsere Schule betreffen. Lesen Sie hier zum Beispiel etwas \u00fcber unser Schulportrait nach oder \u00fcber all das, wonach wir an unserer Schule arbeiten. Au\u00dferdem haben wir alle wichtigen Informationen rund um unseren unterst\u00fctzenden F\u00f6rderverein f\u00fcr Sie zusammengefasst. &nbsp;<\/p>\n","protected":false},"author":4,"featured_media":0,"parent":0,"menu_order":0,"comment_status":"closed","ping_status":"closed","template":"","meta":{"ngg_post_thumbnail":0,"footnotes":""},"_links":{"self":[{"href":"https:\/\/gs-rindern.de\/index.php?rest_route=\/wp\/v2\/pages\/58"}],"collection":[{"href":"https:\/\/gs-rindern.de\/index.php?rest_route=\/wp\/v2\/pages"}],"about":[{"href":"https:\/\/gs-rindern.de\/index.php?rest_route=\/wp\/v2\/types\/page"}],"author":[{"embeddable":true,"href":"https:\/\/gs-rindern.de\/index.php?rest_route=\/wp\/v2\/users\/4"}],"replies":[{"embeddable":true,"href":"https:\/\/gs-rindern.de\/index.php?rest_route=%2Fwp%2Fv2%2Fcomments&post=58"}],"version-history":[{"count":17,"href":"https:\/\/gs-rindern.de\/index.php?rest_route=\/wp\/v2\/pages\/58\/revisions"}],"predecessor-version":[{"id":15323,"href":"https:\/\/gs-rindern.de\/index.php?rest_route=\/wp\/v2\/pages\/58\/revisions\/15323"}],"wp:attachment":[{"href":"https:\/\/gs-rindern.de\/index.php?rest_route=%2Fwp%2Fv2%2Fmedia&parent=58"}],"curies":[{"name":"wp","href":"https:\/\/api.w.org\/{rel}","templated":true}]}}