{"id":70,"date":"2016-06-05T12:31:17","date_gmt":"2016-06-05T12:31:17","guid":{"rendered":"http:\/\/gs-rindern.de\/\/?page_id=70"},"modified":"2025-02-14T20:33:17","modified_gmt":"2025-02-14T20:33:17","slug":"forderverein","status":"publish","type":"page","link":"https:\/\/gs-rindern.de\/?page_id=70","title":{"rendered":"F\u00f6rderverein"},"content":{"rendered":"<p><img loading=\"lazy\" decoding=\"async\" class=\"alignright size-full wp-image-1272\" src=\"http:\/\/gs-rindern.de\/\/wp-content\/uploads\/2016\/06\/geschenk_klein.png\" alt=\"geschenk_klein\" width=\"240\" height=\"211\"><br \/>\nDer F\u00f6rderverein unterst\u00fctzt die Johanna-Sebus-Schule schon seit vielen Jahren ideell und finanziell. Er unterst\u00fctzt die Schule und deren Kinder z.B. bei Ausfl\u00fcgen und Theaterfahrten oder bei der Beschaffung von Literatur, er beteiligt sich an Schulfesten oder organisiert die Bewirtung beim Martinszug.<br \/>\n<br class=\"\u201cclear\u201c\"><strong>Vorstand:<\/strong><br \/>\n1. Vorsitzender:&nbsp; &nbsp;Herbert H\u00f6lscher<br \/>\n2. Vorsitzender:&nbsp; &nbsp;Sebastian Twardowski<br \/>\nSchriftf\u00fchrerin:&nbsp; &nbsp; Birgit H\u00f6lscher<br \/>\nKassenwart:&nbsp; &nbsp; &nbsp; &nbsp; Frank Deutmeyer<br \/>\nSchulleiterin:&nbsp; &nbsp; &nbsp; &nbsp;Britta Peters<br \/>\n<br class=\"\u201cclear\u201c\">Adresse:<br \/>\nF\u00f6rderverein der Johanna-Sebus-Schule, Hohe Str. 116, 47533 Kleve-Rindern,<br \/>\nTel: 02821-3512<br \/>\n<br class=\"\u201cclear\u201c\">Mail an den F\u00f6rderverein:&nbsp;&nbsp; <u><a href=\"mailto:foerderverein-jsg@gmx.de\">foerderverein-jsg@gmx.de<\/a><\/u><br \/>\n<br class=\"\u201cclear\u201c\">Kontoverbindung: Volksbank Kleverland, IBAN DE59324604220601700018 , BIC: GENODED1KLL<\/p>\n<p><a href=\"http:\/\/gs-rindern.de\/wp-content\/uploads\/2023\/07\/Satzung-Stand-1998-5.pdf\">Satzung F\u00f6rderverein<\/a><br \/>\n<br class=\"\u201cclear\u201c\">Werden Sie Mitglied im F\u00f6rderverein! Der Mindest-Jahresbeitrag betr\u00e4gt nur 15 Euro. Besser noch: Arbeiten Sie aktiv mit.<br \/>\nInformationen und Beitrittserkl\u00e4rungen erhalten Sie in der Schule, oder Sie nutzen die Download-Beitrittserkl\u00e4rung.<\/p>\n<p><a href=\"http:\/\/gs-rindern.de\/wp-content\/uploads\/2024\/01\/flyer-sebus_2022.pdf\">Beitrittserkl\u00e4rung F\u00f6rderverein<\/a><em><br \/>\n<\/em><\/p>\n","protected":false},"excerpt":{"rendered":"<p>Der F\u00f6rderverein unterst\u00fctzt die Johanna-Sebus-Schule schon seit vielen Jahren ideell und finanziell. Er unterst\u00fctzt die Schule und deren Kinder z.B. bei Ausfl\u00fcgen und Theaterfahrten oder bei der Beschaffung von Literatur, er beteiligt sich an Schulfesten oder organisiert die Bewirtung beim Martinszug. Vorstand: 1. Vorsitzender:&nbsp; &nbsp;Herbert H\u00f6lscher 2. Vorsitzender:&nbsp; &nbsp;Sebastian Twardowski Schriftf\u00fchrerin:&nbsp; &nbsp; Birgit H\u00f6lscher Kassenwart:&nbsp; [&hellip;]<\/p>\n","protected":false},"author":4,"featured_media":0,"parent":58,"menu_order":0,"comment_status":"closed","ping_status":"closed","template":"","meta":{"ngg_post_thumbnail":0,"footnotes":""},"_links":{"self":[{"href":"https:\/\/gs-rindern.de\/index.php?rest_route=\/wp\/v2\/pages\/70"}],"collection":[{"href":"https:\/\/gs-rindern.de\/index.php?rest_route=\/wp\/v2\/pages"}],"about":[{"href":"https:\/\/gs-rindern.de\/index.php?rest_route=\/wp\/v2\/types\/page"}],"author":[{"embeddable":true,"href":"https:\/\/gs-rindern.de\/index.php?rest_route=\/wp\/v2\/users\/4"}],"replies":[{"embeddable":true,"href":"https:\/\/gs-rindern.de\/index.php?rest_route=%2Fwp%2Fv2%2Fcomments&post=70"}],"version-history":[{"count":30,"href":"https:\/\/gs-rindern.de\/index.php?rest_route=\/wp\/v2\/pages\/70\/revisions"}],"predecessor-version":[{"id":15320,"href":"https:\/\/gs-rindern.de\/index.php?rest_route=\/wp\/v2\/pages\/70\/revisions\/15320"}],"up":[{"embeddable":true,"href":"https:\/\/gs-rindern.de\/index.php?rest_route=\/wp\/v2\/pages\/58"}],"wp:attachment":[{"href":"https:\/\/gs-rindern.de\/index.php?rest_route=%2Fwp%2Fv2%2Fmedia&parent=70"}],"curies":[{"name":"wp","href":"https:\/\/api.w.org\/{rel}","templated":true}]}}