{"id":94,"date":"2016-06-05T21:03:54","date_gmt":"2016-06-05T21:03:54","guid":{"rendered":"http:\/\/gs-rindern.de\/\/?page_id=94"},"modified":"2025-02-14T20:39:16","modified_gmt":"2025-02-14T20:39:16","slug":"schuelerbuecherei","status":"publish","type":"page","link":"https:\/\/gs-rindern.de\/?page_id=94","title":{"rendered":"Schulb\u00fccherei"},"content":{"rendered":"<p><img loading=\"lazy\" decoding=\"async\" class=\"alignnone size-medium wp-image-12619\" src=\"http:\/\/gs-rindern.de\/wp-content\/uploads\/2021\/09\/Frau-Hoelscher-und-Frau-Huebers-450x338.jpg\" alt=\"\" width=\"450\" height=\"338\" srcset=\"https:\/\/gs-rindern.de\/wp-content\/uploads\/2021\/09\/Frau-Hoelscher-und-Frau-Huebers-450x338.jpg 450w, https:\/\/gs-rindern.de\/wp-content\/uploads\/2021\/09\/Frau-Hoelscher-und-Frau-Huebers-1600x1200.jpg 1600w, https:\/\/gs-rindern.de\/wp-content\/uploads\/2021\/09\/Frau-Hoelscher-und-Frau-Huebers-400x300.jpg 400w, https:\/\/gs-rindern.de\/wp-content\/uploads\/2021\/09\/Frau-Hoelscher-und-Frau-Huebers-1536x1152.jpg 1536w, https:\/\/gs-rindern.de\/wp-content\/uploads\/2021\/09\/Frau-Hoelscher-und-Frau-Huebers-2048x1536.jpg 2048w\" sizes=\"(max-width: 450px) 100vw, 450px\" \/><\/p>\n<p><em>Unser B\u00fccherei-Team: Frau H\u00f6lscher und Frau H\u00fcbers<br \/>\n<\/em><\/p>\n<p>Einmal im Monat k\u00f6nnen w\u00e4hrend der Schulzeit B\u00fccher ausgeliehen werden. Drei Wochen sp\u00e4ter werden die B\u00fccher in Stoffbeuteln in der Klasse eingesammelt und zur\u00fcck zur B\u00fccherei gebracht. Die Kinder d\u00fcrfen ein bis zwei B\u00fccher gleichzeitig ausleihen.<\/p>\n<p>Die aktuellen B\u00fccherei- und R\u00fcckgabetermine finden Sie unter <a href=\"http:\/\/gs-rindern.de\/\/?page_id=257\">Termine<\/a>.<\/p>\n","protected":false},"excerpt":{"rendered":"<p>Unser B\u00fccherei-Team: Frau H\u00f6lscher und Frau H\u00fcbers Einmal im Monat k\u00f6nnen w\u00e4hrend der Schulzeit B\u00fccher ausgeliehen werden. Drei Wochen sp\u00e4ter werden die B\u00fccher in Stoffbeuteln in der Klasse eingesammelt und zur\u00fcck zur B\u00fccherei gebracht. Die Kinder d\u00fcrfen ein bis zwei B\u00fccher gleichzeitig ausleihen. Die aktuellen B\u00fccherei- und R\u00fcckgabetermine finden Sie unter Termine.<\/p>\n","protected":false},"author":4,"featured_media":0,"parent":46,"menu_order":0,"comment_status":"closed","ping_status":"closed","template":"","meta":{"ngg_post_thumbnail":0,"footnotes":""},"_links":{"self":[{"href":"https:\/\/gs-rindern.de\/index.php?rest_route=\/wp\/v2\/pages\/94"}],"collection":[{"href":"https:\/\/gs-rindern.de\/index.php?rest_route=\/wp\/v2\/pages"}],"about":[{"href":"https:\/\/gs-rindern.de\/index.php?rest_route=\/wp\/v2\/types\/page"}],"author":[{"embeddable":true,"href":"https:\/\/gs-rindern.de\/index.php?rest_route=\/wp\/v2\/users\/4"}],"replies":[{"embeddable":true,"href":"https:\/\/gs-rindern.de\/index.php?rest_route=%2Fwp%2Fv2%2Fcomments&post=94"}],"version-history":[{"count":14,"href":"https:\/\/gs-rindern.de\/index.php?rest_route=\/wp\/v2\/pages\/94\/revisions"}],"predecessor-version":[{"id":15326,"href":"https:\/\/gs-rindern.de\/index.php?rest_route=\/wp\/v2\/pages\/94\/revisions\/15326"}],"up":[{"embeddable":true,"href":"https:\/\/gs-rindern.de\/index.php?rest_route=\/wp\/v2\/pages\/46"}],"wp:attachment":[{"href":"https:\/\/gs-rindern.de\/index.php?rest_route=%2Fwp%2Fv2%2Fmedia&parent=94"}],"curies":[{"name":"wp","href":"https:\/\/api.w.org\/{rel}","templated":true}]}}