{"id":98,"date":"2016-06-05T21:04:54","date_gmt":"2016-06-05T21:04:54","guid":{"rendered":"http:\/\/gs-rindern.de\/\/?page_id=98"},"modified":"2024-06-23T11:49:44","modified_gmt":"2024-06-23T11:49:44","slug":"offener-ganztag","status":"publish","type":"page","link":"https:\/\/gs-rindern.de\/?page_id=98","title":{"rendered":"Offener Ganztag"},"content":{"rendered":"<p>Unsere Arbeit im Bereich der Offenen Ganztagsschule orientiert sich am Konzept der Johanna-Sebus-Schule sowie an den Grundbed\u00fcrfnissen des Kindes. Jedes Kind hat das Recht, sich wohl zu f\u00fchlen und ist gleichberechtigt neben den anderen.<br \/>\nDer Schwerpunkt unserer Arbeit besteht vor allem darin, f\u00fcr die Kinder da zu sein und ihnen Zeit f\u00fcr ihr nat\u00fcrliches Bed\u00fcrfnis nach Geborgenheit und Entwicklung ihrer Pers\u00f6nlichkeit zu garantieren.<br \/>\nDie Vermittlung von Regeln zum sozialen Miteinander sowie die Erarbeitung von Strategien zur Konfliktl\u00f6sung stehen im Vordergrund. Eine gute Zusammenarbeit zwischen Eltern, Lehrern und Betreuern ist eine wichtige Grundlage unserer Arbeit.<\/p>\n<p>Die Tr\u00e4gerschaft der OGS an der Johanna-Sebus -Schule obliegt dem AWO Kreisverband Kleve. Grundlage ist ein Kooperationsvertrag zwischen der Stadt Kleve, der Schule und der AWO. Die AWO ist seit vielen Jahren Tr\u00e4ger unterschiedlicher Einrichtungen und Dienste der Kinder- und Jugendhilfe.<\/p>\n<p>&nbsp;<\/p>\n<p><strong>Unsere Tagesstruktur<\/strong><\/p>\n<p>Nach Unterrichtsschluss, zwischen 11.30 Uhr und 13.15 Uhr, kommen die Kinder in die OGS und haben Zeit zum freien Spiel. Parallel hierzu werden offene Angebote offeriert. An allen Br\u00fcckentagen, Fortbildungstagen der Lehrer*innen sowie in den Betreuungszeiten w\u00e4hrend der Ferien werden die Kinder in der Zeit von 8 Uhr bis 16 Uhr betreut.<\/p>\n<p>&nbsp;<\/p>\n<p><strong>Mittagessen<\/strong><\/p>\n<p>Ab 12.15 Uhr bis 13.30 Uhr wird t\u00e4glich ein ausgewogenes Mittagessen von Deli Carte, das aktuell 3,90 Euro pro Tag kostet, angeboten. Ab dem 01.08.2024 steigt der Preis f\u00fcr das Essen auf 4,20 Euro pro Tag.<br \/>\nDie Abrechnung erfolgt monatlich per Lastschriftverfahren bzw. Rechnung.<\/p>\n<p>&nbsp;<\/p>\n<p><strong>Hausaufgabenbetreuung<\/strong><\/p>\n<p>Hausaufgabenbetreuung ist von montags bis donnerstags, zwischen 11.30 bis 14.30 Uhr. Die Kinder werden angeleitet, selbstst\u00e4ndig zu arbeiten und die Zeit effizient zu nutzen. Dabei steht die enge Absprache mit dem Lehrpersonal im Vordergrund. Die Hausaufgabenbetreuung ist kein F\u00f6rderunterricht und keine Nachhilfe, sondern eine Unterst\u00fctzung der Kinder bei der m\u00f6glichst selbst\u00e4ndigen Durchf\u00fchrung ihrer Hausaufgaben. Defizite k\u00f6nnen nicht aufgearbeitet werden.<\/p>\n<p>&nbsp;<\/p>\n<p><strong>Die aktuellen AGs<\/strong><\/p>\n<p>Tanz-AG, Chor, Tanz-AG, Forscher-AG, Kunst-AG, Niederl\u00e4ndisch-AG (schulische Angebote im Nachmittagsbereich), Fu\u00dfball-AG und Entspannungs-AG (Angebote der OGS)<\/p>\n<p>&nbsp;<\/p>\n<p><strong>Abholzeiten<\/strong><br \/>\nDie Kinder aus der VHT-Betreuung werden bis 13.15 Uhr abgeholt. Die OGS-Kinder k\u00f6nnen von 15 Uhr bis 16 Uhr abgeholt werden (Ausnahmen nach Absprache).<\/p>\n<p>&nbsp;<\/p>\n<p><strong>Platzvergabe und Kosten<\/strong><br \/>\nDie Vergabe der OGS-Pl\u00e4tze erfolgt nach Anmeldung (jeweils bis zum 31.03.) durch die Stadt Kleve f\u00fcr das folgende Schuljahr.<br \/>\nAnmeldeformulare gibt es in der Schule oder bei der Stadt Kleve, <a href=\"https:\/\/www.kleve.de\/de\/ansprechpartner\/40-fachbereich-40-schulen-kultur-und-sport\/\">Fachbereich 40 \u2013 Schulen, Kultur und Sport der Stadt Kleve<\/a>.<\/p>\n<p>Der Beitrag wird monatlich f\u00fcr das gesamte Schuljahr (01.08 \u2013 31.07.) an die Stadt Kleve entrichtet und ist einkommensabh\u00e4ngig.<\/p>\n","protected":false},"excerpt":{"rendered":"<p>Unsere Arbeit im Bereich der Offenen Ganztagsschule orientiert sich am Konzept der Johanna-Sebus-Schule sowie an den Grundbed\u00fcrfnissen des Kindes. Jedes Kind hat das Recht, sich wohl zu f\u00fchlen und ist gleichberechtigt neben den anderen. Der Schwerpunkt unserer Arbeit besteht vor allem darin, f\u00fcr die Kinder da zu sein und ihnen Zeit f\u00fcr ihr nat\u00fcrliches Bed\u00fcrfnis [&hellip;]<\/p>\n","protected":false},"author":4,"featured_media":0,"parent":48,"menu_order":0,"comment_status":"closed","ping_status":"closed","template":"","meta":{"ngg_post_thumbnail":0,"footnotes":""},"_links":{"self":[{"href":"https:\/\/gs-rindern.de\/index.php?rest_route=\/wp\/v2\/pages\/98"}],"collection":[{"href":"https:\/\/gs-rindern.de\/index.php?rest_route=\/wp\/v2\/pages"}],"about":[{"href":"https:\/\/gs-rindern.de\/index.php?rest_route=\/wp\/v2\/types\/page"}],"author":[{"embeddable":true,"href":"https:\/\/gs-rindern.de\/index.php?rest_route=\/wp\/v2\/users\/4"}],"replies":[{"embeddable":true,"href":"https:\/\/gs-rindern.de\/index.php?rest_route=%2Fwp%2Fv2%2Fcomments&post=98"}],"version-history":[{"count":23,"href":"https:\/\/gs-rindern.de\/index.php?rest_route=\/wp\/v2\/pages\/98\/revisions"}],"predecessor-version":[{"id":15008,"href":"https:\/\/gs-rindern.de\/index.php?rest_route=\/wp\/v2\/pages\/98\/revisions\/15008"}],"up":[{"embeddable":true,"href":"https:\/\/gs-rindern.de\/index.php?rest_route=\/wp\/v2\/pages\/48"}],"wp:attachment":[{"href":"https:\/\/gs-rindern.de\/index.php?rest_route=%2Fwp%2Fv2%2Fmedia&parent=98"}],"curies":[{"name":"wp","href":"https:\/\/api.w.org\/{rel}","templated":true}]}}